{"id":966,"date":"2020-02-26T11:33:09","date_gmt":"2020-02-26T11:33:09","guid":{"rendered":"http:\/\/machtsinn.amaregio.de\/?post_type=product&#038;p=966"},"modified":"2025-03-05T11:54:20","modified_gmt":"2025-03-05T11:54:20","slug":"der-anti-stress-trainer-fuer-gastronomen","status":"publish","type":"product","link":"https:\/\/machtsinn.amaregio.de\/?product=der-anti-stress-trainer-fuer-gastronomen","title":{"rendered":"Der Anti-Stress-Trainer f\u00fcr Gastronomen"},"content":{"rendered":"<p>Dieses Buch aus der Anti-Stress-Trainer-Reihe wurde von Gastronomen f\u00fcr Gastronomen geschrieben. Die beiden Autoren haben selbst in einem kleinen Familienbetrieb den stressigen Alltag hautnah erlebt. Mit allen Facetten der zwischenmenschlichen Beziehungen im eigenen Team und mit den G\u00e4sten entpuppen sich viele allt\u00e4gliche Situationen als Stressbringer. Leider bleibt oft keine Zeit, sich schon an der Wurzel darum zu k\u00fcmmern und zu erkunden wie und wo der Stress entsteht. Erst bei Eskalationen einzugreifen, ist sehr zeitaufwendig und meist ist das Kind schon in den Brunnen gefallen. Dieser Ratgeber gibt dem Leser aus der Branche mit vielen Beispielen und Abhilfetipps einfache und pragmatische L\u00f6sungen an die Hand . Nicht alle auf einmal, sondern wohldosiert je nach Zeit und M\u00f6glichkeiten, k\u00f6nnen Gastronomen kapitelweise lesen und ausprobieren. Die Autoren erz\u00e4hlen eigene Geschichten sowie Erfahrungen und welche Methoden sie als Gastronomen und Coaches angewendet haben, um Stresssituationen zu erkennen und f\u00fcr die Zukunft zu verringern. Immer geschrieben mit einem f\u00fcr die Branche \u00fcblichen Augenzwinkern und einer Portion Selbstironie.<\/p>\n","protected":false},"excerpt":{"rendered":"<p>Dieses Buch aus der Anti-Stress-Trainer-Reihe wurde von Gastronomen f\u00fcr Gastronomen geschrieben. Die beiden Autoren haben selbst in einem kleinen Familienbetrieb den stressigen Alltag hautnah erlebt. Mit allen Facetten der zwischenmenschlichen Beziehungen im eigenen Team und mit den G\u00e4sten entpuppen sich viele allt\u00e4gliche Situationen als Stressbringer. Leider bleibt oft keine Zeit, sich schon an der Wurzel [&hellip;]<\/p>\n","protected":false},"featured_media":971,"template":"","meta":[],"product_brand":[],"product_cat":[38],"product_tag":[],"class_list":{"0":"post-966","1":"product","2":"type-product","3":"status-publish","4":"has-post-thumbnail","6":"product_cat-buecher","7":"product_shipping_class-800-1800","9":"first","10":"instock","11":"taxable","12":"shipping-taxable","13":"purchasable","14":"product-type-variable"},"_links":{"self":[{"href":"https:\/\/machtsinn.amaregio.de\/index.php?rest_route=\/wp\/v2\/product\/966","targetHints":{"allow":["GET"]}}],"collection":[{"href":"https:\/\/machtsinn.amaregio.de\/index.php?rest_route=\/wp\/v2\/product"}],"about":[{"href":"https:\/\/machtsinn.amaregio.de\/index.php?rest_route=\/wp\/v2\/types\/product"}],"wp:featuredmedia":[{"embeddable":true,"href":"https:\/\/machtsinn.amaregio.de\/index.php?rest_route=\/wp\/v2\/media\/971"}],"wp:attachment":[{"href":"https:\/\/machtsinn.amaregio.de\/index.php?rest_route=%2Fwp%2Fv2%2Fmedia&parent=966"}],"wp:term":[{"taxonomy":"product_brand","embeddable":true,"href":"https:\/\/machtsinn.amaregio.de\/index.php?rest_route=%2Fwp%2Fv2%2Fproduct_brand&post=966"},{"taxonomy":"product_cat","embeddable":true,"href":"https:\/\/machtsinn.amaregio.de\/index.php?rest_route=%2Fwp%2Fv2%2Fproduct_cat&post=966"},{"taxonomy":"product_tag","embeddable":true,"href":"https:\/\/machtsinn.amaregio.de\/index.php?rest_route=%2Fwp%2Fv2%2Fproduct_tag&post=966"}],"curies":[{"name":"wp","href":"https:\/\/api.w.org\/{rel}","templated":true}]}}