{"id":2331,"date":"2026-04-10T14:44:25","date_gmt":"2026-04-10T14:44:25","guid":{"rendered":"https:\/\/machtsinn.amaregio.de\/?post_type=product&#038;p=2331"},"modified":"2026-04-10T14:54:37","modified_gmt":"2026-04-10T14:54:37","slug":"geschenkkoerbe-fuer-firmen-grossbestellungen-ihre-individuelle-loesung","status":"publish","type":"product","link":"https:\/\/machtsinn.amaregio.de\/?product=geschenkkoerbe-fuer-firmen-grossbestellungen-ihre-individuelle-loesung","title":{"rendered":"Geschenkk\u00f6rbe f\u00fcr Firmen &#038; Gro\u00dfbestellungen \u2013 Ihre individuelle L\u00f6sung"},"content":{"rendered":"<p class=\"font-claude-response-body break-words whitespace-normal leading-[1.7]\">Sie m\u00f6chten Mitarbeiter, Kunden oder Gesch\u00e4ftspartner mit einem besonderen Geschenk aus der Region \u00fcberraschen? Kein Problem \u2013 wir stellen Geschenkk\u00f6rbe auch in gr\u00f6\u00dferen Mengen zusammen!<\/p>\n<p class=\"font-claude-response-body break-words whitespace-normal leading-[1.7]\">Was in den Korb kommt, besprechen wir ganz individuell mit Ihnen \u2013 abgestimmt auf Ihren Anlass und Ihre W\u00fcnsche. Alles nat\u00fcrlich mit feinen, regionalen Produkten aus dem Oberland.<\/p>\n<p class=\"font-claude-response-body break-words whitespace-normal leading-[1.7]\">Bei gr\u00f6\u00dferen Bestellungen k\u00fcmmern wir uns auf Wunsch auch gerne um den Versand.<\/p>\n<p class=\"font-claude-response-body break-words whitespace-normal leading-[1.7]\">Sprechen Sie uns einfach an \u2013 wir freuen uns auf Ihre Anfrage!<br \/>\n&#x1f4de; 08024 6088924 &#x1f4e9; <a class=\"underline underline underline-offset-2 decoration-1 decoration-current\/40 hover:decoration-current focus:decoration-current\" href=\"mailto:servus@machtSINN.bayern\">servus@machtSINN.bayern<\/a><\/p>\n<p>&nbsp;<\/p>\n<p>&nbsp;<\/p>\n<p>&nbsp;<\/p>\n","protected":false},"excerpt":{"rendered":"<p class=\"font-claude-response-body break-words whitespace-normal leading-[1.7]\">Sprechen Sie uns einfach an \u2013 wir freuen uns auf Ihre Anfrage!<\/p>\n<p class=\"font-claude-response-body break-words whitespace-normal leading-[1.7]\">&#x1f4de; 08024 6088924 &#x1f4e9; <a class=\"underline underline underline-offset-2 decoration-1 decoration-current\/40 hover:decoration-current focus:decoration-current\" href=\"mailto:servus@machtSINN.bayern\">servus@machtSINN.bayern<\/a><\/p>\n","protected":false},"featured_media":2334,"template":"","meta":[],"product_brand":[],"product_cat":[43],"product_tag":[],"class_list":{"0":"post-2331","1":"product","2":"type-product","3":"status-publish","4":"has-post-thumbnail","6":"product_cat-geschenkkoerbe","8":"first","9":"instock","10":"taxable","11":"shipping-taxable","12":"product-type-simple"},"_links":{"self":[{"href":"https:\/\/machtsinn.amaregio.de\/index.php?rest_route=\/wp\/v2\/product\/2331","targetHints":{"allow":["GET"]}}],"collection":[{"href":"https:\/\/machtsinn.amaregio.de\/index.php?rest_route=\/wp\/v2\/product"}],"about":[{"href":"https:\/\/machtsinn.amaregio.de\/index.php?rest_route=\/wp\/v2\/types\/product"}],"wp:featuredmedia":[{"embeddable":true,"href":"https:\/\/machtsinn.amaregio.de\/index.php?rest_route=\/wp\/v2\/media\/2334"}],"wp:attachment":[{"href":"https:\/\/machtsinn.amaregio.de\/index.php?rest_route=%2Fwp%2Fv2%2Fmedia&parent=2331"}],"wp:term":[{"taxonomy":"product_brand","embeddable":true,"href":"https:\/\/machtsinn.amaregio.de\/index.php?rest_route=%2Fwp%2Fv2%2Fproduct_brand&post=2331"},{"taxonomy":"product_cat","embeddable":true,"href":"https:\/\/machtsinn.amaregio.de\/index.php?rest_route=%2Fwp%2Fv2%2Fproduct_cat&post=2331"},{"taxonomy":"product_tag","embeddable":true,"href":"https:\/\/machtsinn.amaregio.de\/index.php?rest_route=%2Fwp%2Fv2%2Fproduct_tag&post=2331"}],"curies":[{"name":"wp","href":"https:\/\/api.w.org\/{rel}","templated":true}]}}