{"id":2006,"date":"2022-02-15T12:47:57","date_gmt":"2022-02-15T12:47:57","guid":{"rendered":"https:\/\/machtsinn.amaregio.de\/?post_type=product&#038;p=2006"},"modified":"2024-01-04T17:15:36","modified_gmt":"2024-01-04T17:15:36","slug":"geschenkkorb-unser-land","status":"publish","type":"product","link":"https:\/\/machtsinn.amaregio.de\/?product=geschenkkorb-unser-land","title":{"rendered":"Geschenkkorb Unser Land"},"content":{"rendered":"<p><strong>Verschenken Sie den guten Geschmack der Region!<\/strong><br \/>\nSie sind auf der Suche nach einem genussvollen und schmackhaften Geschenk?<\/p>\n<p>Wir bieten Ihnen fertig gepackte UNSER LAND Geschenkk\u00f6rbe an. Allerdings nur auf Vorbestellung.<\/p>\n<p>Die Solidargemeinschaft OBERLAND bietet Ihnen f\u00fcr Ihre Geburtstage,Jubil\u00e4en und f\u00fcr alle anderen besonderen Anl\u00e4sse individuelle Geschenkideen<br \/>\nan. Ob Geschenk Kisterl, Geschenk Karton oder Geschenk Sackerl, alles gef\u00fcllt mit geschmackvollen Botschaftern der UNSER LAND Idee. Alle Geschenke werden f\u00fcr Sie mit OBERLAND und UNSER LAND Lebensmitteln, aus der \u00d6ko-Modellregion Miesbacher Oberland und fair gehandelten Waren nach Ihren W\u00fcnschen zusammengestellt.<br \/>\nMindestens 50% davon sind Bio zertifiziert.<\/p>\n<p>Abweichungen zum Inhalt auf dem Foto k\u00f6nnen m\u00f6glich sein.<\/p>\n<p>Der Korb selbst ist aus Holz und kann offen oder geschlossen \u00fcbergeben werden oder aus Waschbaren Papier und kann wiederverwendet werden. z.B. f\u00fcr Brot, Kochutensilien, Kartoffeln, &#8230;<\/p>\n<p>Sollten Sie eine besondere Bef\u00fcllung w\u00fcnschen, rufen Sie uns bitte an.<\/p>\n<p>Wir freuen uns auf Ihre Bestellung!<\/p>\n<p>&nbsp;<\/p>\n<p>&nbsp;<\/p>\n<p>&nbsp;<\/p>\n<p>&nbsp;<\/p>\n","protected":false},"excerpt":{"rendered":"<p>nur auf Vorbestellung<\/p>\n","protected":false},"featured_media":2010,"template":"","meta":[],"product_brand":[],"product_cat":[43],"product_tag":[],"class_list":{"0":"post-2006","1":"product","2":"type-product","3":"status-publish","4":"has-post-thumbnail","6":"product_cat-geschenkkoerbe","7":"product_shipping_class-800-1800","9":"first","10":"instock","11":"taxable","12":"shipping-taxable","13":"purchasable","14":"product-type-variable"},"_links":{"self":[{"href":"https:\/\/machtsinn.amaregio.de\/index.php?rest_route=\/wp\/v2\/product\/2006","targetHints":{"allow":["GET"]}}],"collection":[{"href":"https:\/\/machtsinn.amaregio.de\/index.php?rest_route=\/wp\/v2\/product"}],"about":[{"href":"https:\/\/machtsinn.amaregio.de\/index.php?rest_route=\/wp\/v2\/types\/product"}],"wp:featuredmedia":[{"embeddable":true,"href":"https:\/\/machtsinn.amaregio.de\/index.php?rest_route=\/wp\/v2\/media\/2010"}],"wp:attachment":[{"href":"https:\/\/machtsinn.amaregio.de\/index.php?rest_route=%2Fwp%2Fv2%2Fmedia&parent=2006"}],"wp:term":[{"taxonomy":"product_brand","embeddable":true,"href":"https:\/\/machtsinn.amaregio.de\/index.php?rest_route=%2Fwp%2Fv2%2Fproduct_brand&post=2006"},{"taxonomy":"product_cat","embeddable":true,"href":"https:\/\/machtsinn.amaregio.de\/index.php?rest_route=%2Fwp%2Fv2%2Fproduct_cat&post=2006"},{"taxonomy":"product_tag","embeddable":true,"href":"https:\/\/machtsinn.amaregio.de\/index.php?rest_route=%2Fwp%2Fv2%2Fproduct_tag&post=2006"}],"curies":[{"name":"wp","href":"https:\/\/api.w.org\/{rel}","templated":true}]}}