{"id":7,"date":"2019-02-08T15:42:32","date_gmt":"2019-02-08T15:42:32","guid":{"rendered":"http:\/\/machtsinn.amaregio.de\/?page_id=7"},"modified":"2023-03-15T18:53:28","modified_gmt":"2023-03-15T18:53:28","slug":"warenkorb","status":"publish","type":"page","link":"https:\/\/machtsinn.amaregio.de\/?page_id=7","title":{"rendered":"Warenkorb"},"content":{"rendered":"<p>Wir sind bem\u00fcht Ihre Ware noch am selben Tag bereitzustellen, sp\u00e4testens am folgenden Tag. (Innerhalb unserer \u00d6ffnungszeiten Di-Do 10-19:00 Uhr Fr 10-21 Uhr).<\/p>\n<p>Wir informieren Sie per E-Mail sobald die Ware <strong>zur Abholung<\/strong> bereit steht oder melden uns telefonisch bez\u00fcglich Ihrer Lieferung. Gutscheinkarten und B\u00fccher werden direkt per Post verschickt.<\/p>\n<p>Unser Liefergebiet: <span class=\"d2edcug0 hpfvmrgz qv66sw1b c1et5uql rrkovp55 a8c37x1j keod5gw0 nxhoafnm aigsh9s9 d3f4x2em fe6kdd0r mau55g9w c8b282yb iv3no6db jq4qci2q a3bd9o3v knj5qynh oo9gr5id hzawbc8m\" dir=\"auto\">Holzkirchen, Gro\u00dfhartpenning, Sachsenkam, Schaftlach, Warngau, Waakirchen, Gmund, Weyarn, Miesbach, Agatharied, Hausham, Schliersee<\/span><\/p>\n<div class=\"woocommerce\"><div class=\"woocommerce-notices-wrapper\"><\/div><div class=\"wc-empty-cart-message\">\n\t<div class=\"cart-empty woocommerce-info\" role=\"status\">\n\t\tDein Warenkorb ist gegenw\u00e4rtig leer.\t<\/div>\n<\/div>\t<p class=\"return-to-shop\">\n\t\t<a class=\"button wc-backward\" href=\"https:\/\/machtsinn.amaregio.de\/\">\n\t\t\tZur\u00fcck zum Shop\t\t<\/a>\n\t<\/p>\n<\/div>\n\n\n<p><\/p>\n","protected":false},"excerpt":{"rendered":"<p>Wir sind bem\u00fcht Ihre Ware noch am selben Tag bereitzustellen, sp\u00e4testens am folgenden Tag. (Innerhalb unserer \u00d6ffnungszeiten Di-Do 10-19:00 Uhr Fr 10-21 Uhr). Wir informieren Sie per E-Mail sobald die Ware zur Abholung bereit steht oder melden uns telefonisch bez\u00fcglich Ihrer Lieferung. Gutscheinkarten und B\u00fccher werden direkt per Post verschickt. Unser Liefergebiet: Holzkirchen, Gro\u00dfhartpenning, Sachsenkam, [&hellip;]<\/p>\n","protected":false},"author":1,"featured_media":0,"parent":0,"menu_order":2,"comment_status":"closed","ping_status":"closed","template":"","meta":{"footnotes":""},"class_list":["post-7","page","type-page","status-publish","hentry"],"_links":{"self":[{"href":"https:\/\/machtsinn.amaregio.de\/index.php?rest_route=\/wp\/v2\/pages\/7","targetHints":{"allow":["GET"]}}],"collection":[{"href":"https:\/\/machtsinn.amaregio.de\/index.php?rest_route=\/wp\/v2\/pages"}],"about":[{"href":"https:\/\/machtsinn.amaregio.de\/index.php?rest_route=\/wp\/v2\/types\/page"}],"author":[{"embeddable":true,"href":"https:\/\/machtsinn.amaregio.de\/index.php?rest_route=\/wp\/v2\/users\/1"}],"replies":[{"embeddable":true,"href":"https:\/\/machtsinn.amaregio.de\/index.php?rest_route=%2Fwp%2Fv2%2Fcomments&post=7"}],"version-history":[{"count":13,"href":"https:\/\/machtsinn.amaregio.de\/index.php?rest_route=\/wp\/v2\/pages\/7\/revisions"}],"predecessor-version":[{"id":2096,"href":"https:\/\/machtsinn.amaregio.de\/index.php?rest_route=\/wp\/v2\/pages\/7\/revisions\/2096"}],"wp:attachment":[{"href":"https:\/\/machtsinn.amaregio.de\/index.php?rest_route=%2Fwp%2Fv2%2Fmedia&parent=7"}],"curies":[{"name":"wp","href":"https:\/\/api.w.org\/{rel}","templated":true}]}}